{"id":3,"date":"2024-03-30T09:07:59","date_gmt":"2024-03-30T09:07:59","guid":{"rendered":"http:\/\/www.lacontadinetta.it\/blog\/?page_id=3"},"modified":"2025-05-02T14:48:09","modified_gmt":"2025-05-02T14:48:09","slug":"privacy-policy-2","status":"publish","type":"page","link":"https:\/\/www.lacontadinetta.it\/blog\/privacy-policy-2\/","title":{"rendered":"Privacy Policy"},"content":{"rendered":"\n<h5 class=\"wp-block-heading\">di :www.lacontadinetta.it<\/h5>\n\n\n\n<h5 class=\"wp-block-heading\">Per avere informazioni circa i tuoi dati personali raccolti, le finalit\u00e0 ed i soggetti con cui i dati vengono condivisi, contatta il Titolare.<\/h5>\n\n\n\n<h5 class=\"wp-block-heading\">Titolare del Trattamento dei Dati La Contadinetta srl&nbsp;<br>Indirizzo email del Titolare: info@lacontadinetta.it<\/h5>\n\n\n\n<p>SICUREZZA.<\/p>\n\n\n\n<p>Le informazioni personali fornite su questo sito e i dati delle carte di credito sono trasmessi su un server sicuro e secondo crittografia SSL Certificata.<\/p>\n\n\n\n<p>PRIVACY POLICY<\/p>\n\n\n\n<p>INFORMATIVA in materia di protezione dei dati personali AI SENSI DELL&#8217;ART.13 D.lgs.30.06.2003n.196<\/p>\n\n\n\n<p>In osservanza di quanto previsto ai sensi e per effetti dell&#8217;art. 13 D Lgs 30 giugno 2003, La Contadinetta srl, informa l&#8217;interessato che rilascia i propri dati IP mediante consultazione sul sito www.lacontadinetta.it, su quali siano le finalit\u00e0 e modalit\u00e0 del trattamento dei dati personali raccolti, in loro eventuale ambiti di comunicazione e diffusione, oltre alla natura del conferimento.<\/p>\n\n\n\n<p>I dati raccolti presso l&#8217;interessato sono esclusivamente dati relativi agli IP, ovvero dati qualificabili come provenienti da pubblici registri e pertanto di cui non \u00e8 necessario il consenso ai fini del trattamento.<\/p>\n\n\n\n<p>I dati oggetto del trattamento sono trattati ed utilizzati direttamente per adempiere a finalit\u00e0 strumentali al sito (quali a titolo esemplificativo: controlli per prevenzione di attacchi, statistiche) nel completo rispetto del principio della correttezza e delle disposizioni di legge.<\/p>\n\n\n\n<p>In merito alle modalit\u00e0, il trattamento dei dati \u00e8 eseguito attraverso procedure informatiche ad opera del titolare.<br>I dati dell&#8217;interessato non sono comunicati, venduti o scambiati con soggetti terzi, n\u00e8 sono oggetto di diffusione, salvo quanto inderogabilmente previsto dal legislatore.<br>L&#8217;interessato pu\u00f2 far valere i propri diritti come espressi dall&#8217;artt. 7, 8, 9 e 10 del D.Lgs. 30 giugno 2003 n. 196, rivolgendosi al titolare del trattamento. In particolare secondo l&#8217;art. 7 ottenere la conferma dell&#8217;esistenza o meno di dati personali che lo riguardano, anche se non ancora registrati, e la loro comunicazione in forma intelligibile. L&#8217;interessato ha diritto di ottenere l&#8217;indicazione: a) dell&#8217;origine dei dati personali; b) delle finalit\u00e0 e modalit\u00e0 del trattamento ;c) della logica applicata in caso di trattamento effettuato con l&#8217;ausilio di strumenti elettronici d) degli estremi identificativi del titolare, dei responsabili e del rappresentante designato ai sensi dell&#8217;articolo 5, comma 2; e) dei soggetti o delle categorie di soggetti ai quali i dati personali possono essere comunicati o che possono venirne a conoscenza in qualit\u00e0 di rappresentante designato nel territorio dello Stato, di responsabili o incaricati. L&#8217;interessato ha diritto di ottenere: a) l&#8217;aggiornamento, la rettificazione ovvero, quando vi ha interesse, l&#8217;integrazione dei dati; b) la cancellazione, la trasformazione in forma anonima o il blocco dei dati trattati in violazione di legge, compresi quelli di cui non \u00e8 necessaria la conservazione in relazione agli scopi per i quali i dati sono stati raccolti o successivamente trattati; c) l&#8217;attestazione che le operazioni di cui alle lettere a) e b) sono state portate a conoscenza, anche per quanto riguarda il loro contenuto, di coloro ai quali i dati sono stati comunicati o diffusi, eccettuato il caso in cui tale adempimento si rivela impossibile o comporta un impiego di mezzi manifestamente sproporzionato rispetto al diritto tutelato. L&#8217;interessato ha diritto di opporsi, in tutto o in parte: a) per motivi legittimi al trattamento dei dati personali che lo riguardano, ancorch\u00e8 pertinenti allo scopo della raccolta; b) al trattamento di dati personali che lo riguardano a fini di invio di materiale pubblicitario o di vendita diretta o per il compimento di ricerche di mercato o di comunicazione commerciale.<br>I diritti sono esercitabili mediante invio di e-mail al seguente indirizzo: info@lacontadinetta.it o invio di fax o lettera scritta ai recapiti riportati sulla carta stampata.<br>I dati sono conservati in archivi informatici e telematici e sono assicurate le misure di sicurezza minime previste dal legislatore.<br>I dati informatici di navigazione sono conservati per il massimo di 365 giorni . In caso di trattamento costituito da blocco, i dati sono conservati per il tempo necessario ai fini di esercitare attivit\u00e0 defensionali.<br>Il titolare si riserva il diritto di bloccare gli accessi a quegli IP dalle cui visite risultino anomalie. L&#8217;utente al quale non risultino visualizzabili pagine del sito o il sito stesso pu\u00f2 rivolgersi al seguente indirizzo di posta elettronica: info@lacontadinetta.it<\/p>\n\n\n\n<p>TITPOLOGIE DI DATI RACCOLTI.<\/p>\n\n\n\n<p>COOKIES<\/p>\n\n\n\n<p>Il presente&nbsp;sito di commercio elettronico utilizza dei comunissimi cookies come marcatore dell&#8217;identit\u00e0 di un acquirente, sia esso Temporaneo ( senza acquisizione preventiva all&#8217;acquisto da parte nostra dei suoi dati personali ), sia esso un utente acquirente registrato. La vita dei cookies \u00e8 limitata alla sessione di navigazione, ossia chiuso il Browser ( Explorer, Mozilla o altri ) , il cookie muore, ovvero occorre di nuovo rieffettuare le operazioni di autenticazione per poter effettuare acquisti. In alcuni casi vengono creati cookies che hanno un tempo massimo di vita di 365 giorni, nello specifico questi registrano se siete arrivati sul nostro sito tramite il motore di ricerca Google e ha l&#8217;espresso scopo di misurare l&#8217;effetto delle campagne pubblicitarie sui Motori di Ricerca. I cookies del presente sito non costituiscono pericolo di acquisizione dati per il computer\/browser dell&#8217;utente che li accetta. Al contrario permettono all&#8217;utente che decide di divenire nostro cliente, di poter effettuare l&#8217;acquisto in totale riservatezza evitando la possibilit\u00e0 di fare confusione sul nostro sistema informatico fra l&#8217;acquisto di un cliente e quello di un altro cliente. Questa scelta tecnica \u00e8 stata fatta al fine di rispettare a pieno la tutela sulla privacy dei dati dei nostri clienti.<br><br><strong>Registrazione<\/strong><br>I dati richiesti ad un utente nella registrazione solo unicamente quelli strettamente necessari alle operazioni di fatturazione e fiscalizzazione dell&#8217;acquisto e naturalmente alla spedizione dei prodotti acquistati. I dati sono conservati in databases protetti e sicuri secondo i pi\u00f9 aggiornati standards e solo al fine di gestire la relazione di fornitura e\/o assistenza che intercorre tra noi e il nostro cliente. Non vengono ceduti a terze parti in nessun caso, tantomeno a fini pubblicitari o a fini di lucro. In ogni momento ogni utente, se volesse pu\u00f2 decidere di essere eliminato dai nostri archivi clienti semplicemente inviandoci una email o telefonandoci.<br><br>Altri Dati Personali raccolti potrebbero essere indicati in altre sezioni di questa privacy policy o mediante testi informativi visualizzati contestualmente alla raccolta dei Dati stessi. I Dati Personali possono essere inseriti volontariamente dall&#8217;Utente, oppure raccolti in modo automatico durante l&#8217;uso di questa Applicazione.<br>L&#8217;eventuale utilizzo di Cookie &#8211; o di altri strumenti di tracciamento &#8211; da parte di questa Applicazione o dei titolari dei servizi terzi utilizzati da questa Applicazione, ove non diversamente precisato, ha la finalit\u00e0 di identificare l&#8217;Utente e registrare le relative preferenze per finalit\u00e0 strettamente legate all&#8217;erogazione del servizio richiesto dall&#8217;Utente.<br>Il mancato conferimento da parte dell&#8217;Utente di alcuni Dati Personali potrebbe impedire a questa Applicazione di erogare i propri servizi.<br>L&#8217;Utente si assume la responsabilit\u00e0 dei Dati Personali di terzi pubblicati o condivisi mediante questa Applicazione e garantisce di avere il diritto di comunicarli o diffonderli, liberando il Titolare da qualsiasi responsabilit\u00e0 verso terzi.<\/p>\n\n\n\n<p>Modalit\u00e0 e luogo del trattamento dei dati raccolti:<\/p>\n\n\n\n<p>Modalit\u00e0 di trattamento.<\/p>\n\n\n\n<p>Il Titolare tratta i Dati Personali degli Utenti adottando le opportune misure di sicurezza volte ad impedire l&#8217;accesso, la divulgazione, la modifica o la distruzione non autorizzate dei Dati Personali. Il trattamento viene effettuato mediante strumenti informatici e\/o telematici, con modalit\u00e0 organizzative e con logiche strettamente correlate alle finalit\u00e0 indicate. Oltre al Titolare, in alcuni casi, potrebbero avere accesso ai Dati categorie di incaricati coinvolti nell&#8217;organizzazione del sito (personale amministrativo, commerciale, marketing, legali, amministratori di sistema) ovvero anche soggetti esterni (come fornitori di servizi tecnici terzi, corrieri postali, hosting provider, societ\u00e0 informatiche) nominati anche, se necessario, Responsabili del Trattamento da parte del Titolare. L&#8217;elenco aggiornato dei Responsabili potr\u00e0 sempre essere richiesto al Titolare del Trattamento.<br><br><strong>Luogo<\/strong><br>I Dati sono trattati presso le sedi operative del Titolare ed in ogni altro luogo in cui le parti coinvolte nel trattamento siano localizzate. Per ulteriori informazioni, contatta il Titolare.<br><br><strong>Tempi<\/strong><br>I Dati sono trattati per il tempo necessario allo svolgimento del servizio richiesto dall&#8217;Utente, o richiesto dalle finalit\u00e0 descritte in questo documento, e l&#8217;Utente pu\u00f2 sempre chiedere l&#8217;interruzione del Trattamento o la cancellazione dei Dati.<br><br><strong>Difesa in giudizio<\/strong><br>I Dati Personali dell&#8217;Utente possono essere utilizzati da parte del Titolare in giudizio o nelle fasi propedeutiche alla sua eventuale instaurazione per la difesa da abusi nell&#8217;utilizzo di questa Applicazione o dei servizi connessi da parte dell&#8217;Utente. L&#8217;Utente dichiara di essere consapevole che al Titolare potrebbe essere richiesto di rivelare i Dati su richiesta delle pubbliche autorit\u00e0.<br><br><strong>Informative specifiche<\/strong><br>Su richiesta dell&#8217;Utente, in aggiunta alle informazioni contenute in questa privacy policy, questa Applicazione potrebbe fornire all&#8217;Utente delle informative aggiuntive e contestuali riguardanti servizi specifici, o la raccolta ed il trattamento di Dati Personali.<\/p>\n\n\n\n<p>LOG DI SISTEMA E MANUTENZIONE&nbsp;<\/p>\n\n\n\n<p>Per necessit\u00e0 legate al funzionamento ed alla manutenzione, questa Applicazione e gli eventuali servizi terzi da essa utilizzati potrebbero raccogliere Log di sistema, ossia file che registrano le interazioni e che possono contenere anche Dati Personali, quali l&#8217;indirizzo IP Utente.<\/p>\n\n\n\n<p>Esercizio dei diritti da parte degli utenti.<\/p>\n\n\n\n<p>I soggetti cui si riferiscono i Dati Personali hanno il diritto in qualunque momento di ottenere la conferma dell&#8217;esistenza o meno degli stessi presso il Titolare del Trattamento, di conoscerne il contenuto e l&#8217;origine, di verificarne l&#8217;esattezza o chiederne l&#8217;integrazione, la cancellazione, l&#8217;aggiornamento, la rettifica, la trasformazione in forma anonima o il blocco dei Dati Personali trattati in violazione di legge, nonch\u00e8 di opporsi in ogni caso, per motivi legittimi, al loro trattamento. Le richieste vanno rivolte al Titolare del Trattamento.<\/p>\n\n\n\n<p>Questa Applicazione non supporta le richieste&nbsp;<strong>Do Not Track<\/strong>.<\/p>\n\n\n\n<p>Per conoscere se gli eventuali servizi di terze parti utilizzati le supportano, l&#8217;Utente \u00e8 invitato a consultare le rispettive privacy policy.<\/p>\n\n\n\n<p>MODIFICHE A QUESTA PRIVACY<\/p>\n\n\n\n<p>Il Titolare del Trattamento si riserva il diritto di apportare modifiche alla presente privacy policy in qualunque momento dandone pubblicit\u00e0 agli Utenti su questa pagina. Si prega dunque di consultare spesso questa pagina, prendendo come riferimento la data di ultima modifica indicata in fondo. Nel caso di mancata accettazione delle modifiche apportate alla presente privacy policy, l&#8217;Utente \u00e8 tenuto a cessare l&#8217;utilizzo di questa Applicazione e pu\u00f2 richiedere al Titolare del Trattamento di rimuovere i propri Dati Personali. Salvo quanto diversamente specificato, la precedente privacy policy continuer\u00e0 ad applicarsi ai Dati Personali sino a quel momento raccolti.<\/p>\n\n\n\n<p>Responsabilit\u00e0<\/p>\n\n\n\n<p>Il Titolare del Trattamento dei Dati \u00e8 responsabile per questa privacy policy \u00e8<\/p>\n\n\n\n<p>La Contadinetta srl&nbsp;<\/p>\n\n\n\n<p>dati personali trattai per le seguenti finalit\u00e0 e utilizzando i seguenti servizi:<\/p>\n\n\n\n<h3 class=\"wp-block-heading\">Contattare l&#8217;Utente<\/h3>\n\n\n\n<ul class=\"wp-block-list\">\n<li>Modulo di contattoDati Personali: email; nome<\/li>\n\n\n\n<li>Contatto via telefonoDati Personali: numero di telefonoGestione dei tag\n<ul class=\"wp-block-list\">\n<li>Google Tag ManagerDati Personali: Dati di utilizzoInterazione con social network e piattaforme esterne\n<ul class=\"wp-block-list\">\n<li>Pulsante Tweet e widget sociali di Twitter, Pulsante Mi Piace e widget sociali di Facebook , Pulsante \u201cPin it\u201d e widget sociali di Pinterest e AddToAnyDati Personali: Cookie; Dati di utilizzoRaccolta delle preferenze relative alla privacy\n<ul class=\"wp-block-list\">\n<li>Cookie Solution di iubendaDati Personali: Strumento di TracciamentoStatistica\n<ul class=\"wp-block-list\">\n<li>Google Analytics e Google Analytics con IP anonimizzatoDati Personali: Cookie; Dati di utilizzo<\/li>\n\n\n\n<li>Funzionalit\u00e0 di generazione dei rapporti sulla pubblicit\u00e0 in Google AnalyticsDati Personali: identificatori univoci di dispositivi per la pubblicit\u00e0 (Google Advertiser ID o identificatore IDFA, per esempio); Strumento di Tracciamento; varie tipologie di Dati secondo quanto specificato dalla privacy policy del servizio<\/li>\n\n\n\n<li>Rapporti sui dati demografici e sugli interessi di Google AnalyticsDati Personali: identificatori univoci di dispositivi per la pubblicit\u00e0 (Google Advertiser ID o identificatore IDFA, per esempio); Strumento di TracciamentoVisualizzazione di contenuti da piattaforme esterne\n<ul class=\"wp-block-list\">\n<li>Widget Google Maps e Widget Video YouTubeDati Personali: Cookie; Dati di utilizzo<\/li>\n\n\n\n<li>Google FontsDati Personali: Dati di utilizzo; varie tipologie di Dati secondo quanto specificato dalla privacy policy del servizio<\/li>\n\n\n\n<li>Font AwesomeDati Personali: Dati di utilizzo<\/li>\n\n\n\n<li>Informazioni su come disattivare gli annunci pubblicitari basati sugli interessiOltre a qualsiasi funzione di opt-out fornita da uno qualsiasi dei servizi elencati in questo documento, gli Utenti possono leggere di pi\u00f9 su come disattivare gli annunci pubblicitari basati sugli interessi nell&#8217;apposita sezione della Cookie Policy.<\/li>\n\n\n\n<li>Informazioni di contatto<\/li>\n<\/ul>\n<\/li>\n<\/ul>\n<\/li>\n<\/ul>\n<\/li>\n<\/ul>\n<\/li>\n<\/ul>\n<\/li>\n<\/ul>\n\n\n\n<ul class=\"wp-block-list\">\n<li>\n<ul class=\"wp-block-list\">\n<li>Titolare del Trattamento dei DatiLA CONTADINETTA SRL via Peschioli 20\u00a0 66046 Tornareccio\u00a0 Chieti ItaliaINDIRIZZO email del titolare:info@lacontadinetta.it<\/li>\n<\/ul>\n<\/li>\n<\/ul>\n\n\n\n<p><\/p>\n","protected":false},"excerpt":{"rendered":"<p>di :www.lacontadinetta.it Per avere informazioni circa i tuoi dati personali raccolti, le finalit\u00e0 ed i soggetti con cui i dati vengono condivisi, contatta il Titolare. Titolare del Trattamento dei Dati La Contadinetta srl&nbsp;Indirizzo email del Titolare: info@lacontadinetta.it SICUREZZA. Le informazioni personali fornite su questo sito e i dati delle carte di credito sono trasmessi su un server sicuro e secondo crittografia SSL Certificata. PRIVACY POLICY INFORMATIVA in materia di protezione dei dati personali AI SENSI DELL&#8217;ART.13 D.lgs.30.06.2003n.196 In osservanza di quanto previsto ai sensi e per effetti dell&#8217;art. 13 D Lgs 30 giugno 2003, La Contadinetta srl, informa l&#8217;interessato che rilascia i propri dati IP mediante consultazione sul sito www.lacontadinetta.it, su quali siano le finalit\u00e0 e modalit\u00e0 del trattamento dei dati personali raccolti, in loro eventuale ambiti di comunicazione e diffusione, oltre alla natura del conferimento. I dati raccolti presso l&#8217;interessato sono esclusivamente dati relativi agli IP, ovvero dati qualificabili come provenienti da pubblici registri e pertanto di cui non \u00e8 necessario il consenso ai fini del trattamento. I dati oggetto del trattamento sono trattati ed utilizzati direttamente per adempiere a finalit\u00e0 strumentali al sito (quali a titolo esemplificativo: controlli per prevenzione di attacchi, statistiche) nel completo rispetto del principio della correttezza e delle disposizioni di legge. In merito alle modalit\u00e0, il trattamento dei dati \u00e8 eseguito attraverso procedure informatiche ad opera del titolare.I dati dell&#8217;interessato non sono comunicati, venduti o scambiati con soggetti terzi, n\u00e8 sono oggetto di diffusione, salvo quanto inderogabilmente previsto dal legislatore.L&#8217;interessato pu\u00f2 far valere i propri diritti come espressi dall&#8217;artt. 7, 8, 9 e 10 del D.Lgs. 30 giugno 2003 n. 196, rivolgendosi al titolare del trattamento. In particolare secondo l&#8217;art. 7 ottenere la conferma dell&#8217;esistenza o meno di dati personali che lo riguardano, anche se non ancora registrati, e la loro comunicazione in forma intelligibile. L&#8217;interessato ha diritto di ottenere l&#8217;indicazione: a) dell&#8217;origine dei dati personali; b) delle finalit\u00e0 e modalit\u00e0 del trattamento ;c) della logica applicata in caso di trattamento effettuato con l&#8217;ausilio di strumenti elettronici d) degli estremi identificativi del titolare, dei responsabili e del rappresentante designato ai sensi dell&#8217;articolo 5, comma 2; e) dei soggetti o delle categorie di soggetti ai quali i dati personali possono essere comunicati o che possono venirne a conoscenza in qualit\u00e0 di rappresentante designato nel territorio dello Stato, di responsabili o incaricati. L&#8217;interessato ha diritto di ottenere: a) l&#8217;aggiornamento, la rettificazione ovvero, quando vi ha interesse, l&#8217;integrazione dei dati; b) la cancellazione, la trasformazione in forma anonima o il blocco dei dati trattati in violazione di legge, compresi quelli di cui non \u00e8 necessaria la conservazione in relazione agli scopi per i quali i dati sono stati raccolti o successivamente trattati; c) l&#8217;attestazione che le operazioni di cui alle lettere a) e b) sono state portate a conoscenza, anche per quanto riguarda il loro contenuto, di coloro ai quali i dati sono stati comunicati o diffusi, eccettuato il caso in cui tale adempimento si rivela impossibile o comporta un impiego di mezzi manifestamente sproporzionato rispetto al diritto tutelato. L&#8217;interessato ha diritto di opporsi, in tutto o in parte: a) per motivi legittimi al trattamento dei dati personali che lo riguardano, ancorch\u00e8 pertinenti allo scopo della raccolta; b) al trattamento di dati personali che lo riguardano a fini di invio di materiale pubblicitario o di vendita diretta o per il compimento di ricerche di mercato o di comunicazione commerciale.I diritti sono esercitabili mediante invio di e-mail al seguente indirizzo: info@lacontadinetta.it o invio di fax o lettera scritta ai recapiti riportati sulla carta stampata.I dati sono conservati in archivi informatici e telematici e sono assicurate le misure di sicurezza minime previste dal legislatore.I dati informatici di navigazione sono conservati per il massimo di 365 giorni . In caso di trattamento costituito da blocco, i dati sono conservati per il tempo necessario ai fini di esercitare attivit\u00e0 defensionali.Il titolare si riserva il diritto di bloccare gli accessi a quegli IP dalle cui visite risultino anomalie. L&#8217;utente al quale non risultino visualizzabili pagine del sito o il sito stesso pu\u00f2 rivolgersi al seguente indirizzo di posta elettronica: info@lacontadinetta.it TITPOLOGIE DI DATI RACCOLTI. COOKIES Il presente&nbsp;sito di commercio elettronico utilizza dei comunissimi cookies come marcatore dell&#8217;identit\u00e0 di un acquirente, sia esso Temporaneo ( senza acquisizione preventiva all&#8217;acquisto da parte nostra dei suoi dati personali ), sia esso un utente acquirente registrato. La vita dei cookies \u00e8 limitata alla sessione di navigazione, ossia chiuso il Browser ( Explorer, Mozilla o altri ) , il cookie muore, ovvero occorre di nuovo rieffettuare le operazioni di autenticazione per poter effettuare acquisti. In alcuni casi vengono creati cookies che hanno un tempo massimo di vita di 365 giorni, nello specifico questi registrano se siete arrivati sul nostro sito tramite il motore di ricerca Google e ha l&#8217;espresso scopo di misurare l&#8217;effetto delle campagne pubblicitarie sui Motori di Ricerca. I cookies del presente sito non costituiscono pericolo di acquisizione dati per il computer\/browser dell&#8217;utente che li accetta. Al contrario permettono all&#8217;utente che decide di divenire nostro cliente, di poter effettuare l&#8217;acquisto in totale riservatezza evitando la possibilit\u00e0 di fare confusione sul nostro sistema informatico fra l&#8217;acquisto di un cliente e quello di un altro cliente. Questa scelta tecnica \u00e8 stata fatta al fine di rispettare a pieno la tutela sulla privacy dei dati dei nostri clienti. RegistrazioneI dati richiesti ad un utente nella registrazione solo unicamente quelli strettamente necessari alle operazioni di fatturazione e fiscalizzazione dell&#8217;acquisto e naturalmente alla spedizione dei prodotti acquistati. I dati sono conservati in databases protetti e sicuri secondo i pi\u00f9 aggiornati standards e solo al fine di gestire la relazione di fornitura e\/o assistenza che intercorre tra noi e il nostro cliente. Non vengono ceduti a terze parti in nessun caso, tantomeno a fini pubblicitari o a fini di lucro. In ogni momento ogni utente, se volesse pu\u00f2 decidere di essere eliminato dai nostri archivi clienti semplicemente inviandoci una email o telefonandoci. Altri Dati Personali raccolti potrebbero essere indicati in altre sezioni di questa privacy policy o mediante testi informativi<\/p>\n","protected":false},"author":1,"featured_media":0,"parent":0,"menu_order":0,"comment_status":"closed","ping_status":"open","template":"","meta":{"site-sidebar-layout":"default","site-content-layout":"","ast-site-content-layout":"default","site-content-style":"default","site-sidebar-style":"default","ast-global-header-display":"","ast-banner-title-visibility":"","ast-main-header-display":"","ast-hfb-above-header-display":"","ast-hfb-below-header-display":"","ast-hfb-mobile-header-display":"","site-post-title":"","ast-breadcrumbs-content":"","ast-featured-img":"","footer-sml-layout":"","theme-transparent-header-meta":"","adv-header-id-meta":"","stick-header-meta":"","header-above-stick-meta":"","header-main-stick-meta":"","header-below-stick-meta":"","astra-migrate-meta-layouts":"default","ast-page-background-enabled":"default","ast-page-background-meta":{"desktop":{"background-color":"var(--ast-global-color-5)","background-image":"","background-repeat":"repeat","background-position":"center center","background-size":"auto","background-attachment":"scroll","background-type":"","background-media":"","overlay-type":"","overlay-color":"","overlay-opacity":"","overlay-gradient":""},"tablet":{"background-color":"","background-image":"","background-repeat":"repeat","background-position":"center center","background-size":"auto","background-attachment":"scroll","background-type":"","background-media":"","overlay-type":"","overlay-color":"","overlay-opacity":"","overlay-gradient":""},"mobile":{"background-color":"","background-image":"","background-repeat":"repeat","background-position":"center center","background-size":"auto","background-attachment":"scroll","background-type":"","background-media":"","overlay-type":"","overlay-color":"","overlay-opacity":"","overlay-gradient":""}},"ast-content-background-meta":{"desktop":{"background-color":"var(--ast-global-color-4)","background-image":"","background-repeat":"repeat","background-position":"center center","background-size":"auto","background-attachment":"scroll","background-type":"","background-media":"","overlay-type":"","overlay-color":"","overlay-opacity":"","overlay-gradient":""},"tablet":{"background-color":"var(--ast-global-color-4)","background-image":"","background-repeat":"repeat","background-position":"center center","background-size":"auto","background-attachment":"scroll","background-type":"","background-media":"","overlay-type":"","overlay-color":"","overlay-opacity":"","overlay-gradient":""},"mobile":{"background-color":"var(--ast-global-color-4)","background-image":"","background-repeat":"repeat","background-position":"center center","background-size":"auto","background-attachment":"scroll","background-type":"","background-media":"","overlay-type":"","overlay-color":"","overlay-opacity":"","overlay-gradient":""}},"pgc_sgb_lightbox_settings":"","footnotes":""},"class_list":["post-3","page","type-page","status-publish","hentry"],"_links":{"self":[{"href":"https:\/\/www.lacontadinetta.it\/blog\/wp-json\/wp\/v2\/pages\/3","targetHints":{"allow":["GET"]}}],"collection":[{"href":"https:\/\/www.lacontadinetta.it\/blog\/wp-json\/wp\/v2\/pages"}],"about":[{"href":"https:\/\/www.lacontadinetta.it\/blog\/wp-json\/wp\/v2\/types\/page"}],"author":[{"embeddable":true,"href":"https:\/\/www.lacontadinetta.it\/blog\/wp-json\/wp\/v2\/users\/1"}],"replies":[{"embeddable":true,"href":"https:\/\/www.lacontadinetta.it\/blog\/wp-json\/wp\/v2\/comments?post=3"}],"version-history":[{"count":1,"href":"https:\/\/www.lacontadinetta.it\/blog\/wp-json\/wp\/v2\/pages\/3\/revisions"}],"predecessor-version":[{"id":1199,"href":"https:\/\/www.lacontadinetta.it\/blog\/wp-json\/wp\/v2\/pages\/3\/revisions\/1199"}],"wp:attachment":[{"href":"https:\/\/www.lacontadinetta.it\/blog\/wp-json\/wp\/v2\/media?parent=3"}],"curies":[{"name":"wp","href":"https:\/\/api.w.org\/{rel}","templated":true}]}}