{"id":1539,"date":"2025-05-27T17:09:32","date_gmt":"2025-05-27T17:09:32","guid":{"rendered":"https:\/\/www.lacontadinetta.it\/blog\/?page_id=1539"},"modified":"2025-07-18T16:43:20","modified_gmt":"2025-07-18T16:43:20","slug":"negozio","status":"publish","type":"page","link":"https:\/\/www.lacontadinetta.it\/blog\/negozio\/","title":{"rendered":"NEGOZIO"},"content":{"rendered":"\t\t<div data-elementor-type=\"wp-page\" data-elementor-id=\"1539\" class=\"elementor elementor-1539\">\n\t\t\t\t<div class=\"elementor-element elementor-element-5cc9b7a e-flex e-con-boxed wpr-particle-no wpr-jarallax-no wpr-parallax-no wpr-sticky-section-no e-con e-parent\" data-id=\"5cc9b7a\" data-element_type=\"container\">\n\t\t\t\t\t<div class=\"e-con-inner\">\n\t\t\t\t<div class=\"elementor-element elementor-element-5858da5 elementor-widget elementor-widget-image\" data-id=\"5858da5\" data-element_type=\"widget\" data-widget_type=\"image.default\">\n\t\t\t\t<div class=\"elementor-widget-container\">\n\t\t\t\t\t\t\t\t\t\t\t\t\t\t\t\t<a href=\"https:\/\/www.lacontadinetta.it\/blog\/\">\n\t\t\t\t\t\t\t<img fetchpriority=\"high\" decoding=\"async\" width=\"768\" height=\"614\" src=\"https:\/\/www.lacontadinetta.it\/blog\/wp-content\/uploads\/2025\/07\/HOME-COMPLETA-5-768x614.png\" class=\"attachment-medium_large size-medium_large wp-image-2440\" alt=\"\" srcset=\"https:\/\/www.lacontadinetta.it\/blog\/wp-content\/uploads\/2025\/07\/HOME-COMPLETA-5-768x614.png 768w, https:\/\/www.lacontadinetta.it\/blog\/wp-content\/uploads\/2025\/07\/HOME-COMPLETA-5-300x240.png 300w, https:\/\/www.lacontadinetta.it\/blog\/wp-content\/uploads\/2025\/07\/HOME-COMPLETA-5-1024x819.png 1024w, https:\/\/www.lacontadinetta.it\/blog\/wp-content\/uploads\/2025\/07\/HOME-COMPLETA-5.png 1350w\" sizes=\"(max-width: 768px) 100vw, 768px\" \/>\t\t\t\t\t\t\t\t<\/a>\n\t\t\t\t\t\t\t\t\t\t\t\t\t\t\t<\/div>\n\t\t\t\t<\/div>\n\t\t\t\t\t<\/div>\n\t\t\t\t<\/div>\n\t\t<div class=\"elementor-element elementor-element-18f6e70 e-flex e-con-boxed wpr-particle-no wpr-jarallax-no wpr-parallax-no wpr-sticky-section-no e-con e-parent\" data-id=\"18f6e70\" data-element_type=\"container\">\n\t\t\t\t\t<div class=\"e-con-inner\">\n\t\t\t\t<div class=\"elementor-element elementor-element-b9d58ce elementor-widget elementor-widget-spacer\" data-id=\"b9d58ce\" data-element_type=\"widget\" data-widget_type=\"spacer.default\">\n\t\t\t\t<div class=\"elementor-widget-container\">\n\t\t\t\t\t\t\t<div class=\"elementor-spacer\">\n\t\t\t<div class=\"elementor-spacer-inner\"><\/div>\n\t\t<\/div>\n\t\t\t\t\t\t<\/div>\n\t\t\t\t<\/div>\n\t\t\t\t\t<\/div>\n\t\t\t\t<\/div>\n\t\t<div class=\"elementor-element elementor-element-082b7c3 e-flex e-con-boxed wpr-particle-no wpr-jarallax-no wpr-parallax-no wpr-sticky-section-no e-con e-parent\" data-id=\"082b7c3\" data-element_type=\"container\">\n\t\t\t\t\t<div class=\"e-con-inner\">\n\t\t\t\t<div class=\"elementor-element elementor-element-2fb0ecc elementor-widget elementor-widget-heading\" data-id=\"2fb0ecc\" data-element_type=\"widget\" data-widget_type=\"heading.default\">\n\t\t\t\t<div class=\"elementor-widget-container\">\n\t\t\t\t\t<h5 class=\"elementor-heading-title elementor-size-default\">SIAMO ALLA COSTANTE RICERCA DI PARTNER COMMERCIALI<\/h5>\t\t\t\t<\/div>\n\t\t\t\t<\/div>\n\t\t\t\t\t<\/div>\n\t\t\t\t<\/div>\n\t\t<div class=\"elementor-element elementor-element-813909d e-flex e-con-boxed wpr-particle-no wpr-jarallax-no wpr-parallax-no wpr-sticky-section-no e-con e-parent\" data-id=\"813909d\" data-element_type=\"container\">\n\t\t\t\t\t<div class=\"e-con-inner\">\n\t\t\t\t<div class=\"elementor-element elementor-element-b0c56ed elementor-widget elementor-widget-spacer\" data-id=\"b0c56ed\" data-element_type=\"widget\" data-widget_type=\"spacer.default\">\n\t\t\t\t<div class=\"elementor-widget-container\">\n\t\t\t\t\t\t\t<div class=\"elementor-spacer\">\n\t\t\t<div class=\"elementor-spacer-inner\"><\/div>\n\t\t<\/div>\n\t\t\t\t\t\t<\/div>\n\t\t\t\t<\/div>\n\t\t\t\t\t<\/div>\n\t\t\t\t<\/div>\n\t\t<div class=\"elementor-element elementor-element-78ae528 e-flex e-con-boxed wpr-particle-no wpr-jarallax-no wpr-parallax-no wpr-sticky-section-no e-con e-parent\" data-id=\"78ae528\" data-element_type=\"container\">\n\t\t\t\t\t<div class=\"e-con-inner\">\n\t\t\t\t<div class=\"elementor-element elementor-element-8da076b elementor-widget elementor-widget-heading\" data-id=\"8da076b\" data-element_type=\"widget\" data-widget_type=\"heading.default\">\n\t\t\t\t<div class=\"elementor-widget-container\">\n\t\t\t\t\t<h3 class=\"elementor-heading-title elementor-size-default\">SEI UN NEGOZIO DI PRODOTTI ALIMENTARI?<\/h3>\t\t\t\t<\/div>\n\t\t\t\t<\/div>\n\t\t\t\t\t<\/div>\n\t\t\t\t<\/div>\n\t\t<div class=\"elementor-element elementor-element-d98ccff e-flex e-con-boxed wpr-particle-no wpr-jarallax-no wpr-parallax-no wpr-sticky-section-no e-con e-parent\" data-id=\"d98ccff\" data-element_type=\"container\">\n\t\t\t\t\t<div class=\"e-con-inner\">\n\t\t\t\t<div class=\"elementor-element elementor-element-aae22c9 elementor-widget elementor-widget-spacer\" data-id=\"aae22c9\" data-element_type=\"widget\" data-widget_type=\"spacer.default\">\n\t\t\t\t<div class=\"elementor-widget-container\">\n\t\t\t\t\t\t\t<div class=\"elementor-spacer\">\n\t\t\t<div class=\"elementor-spacer-inner\"><\/div>\n\t\t<\/div>\n\t\t\t\t\t\t<\/div>\n\t\t\t\t<\/div>\n\t\t\t\t\t<\/div>\n\t\t\t\t<\/div>\n\t\t<div class=\"elementor-element elementor-element-1948df0 e-flex e-con-boxed wpr-particle-no wpr-jarallax-no wpr-parallax-no wpr-sticky-section-no e-con e-parent\" data-id=\"1948df0\" data-element_type=\"container\">\n\t\t\t\t\t<div class=\"e-con-inner\">\n\t\t\t\t<div class=\"elementor-element elementor-element-097c327 elementor-widget elementor-widget-text-editor\" data-id=\"097c327\" data-element_type=\"widget\" data-widget_type=\"text-editor.default\">\n\t\t\t\t<div class=\"elementor-widget-container\">\n\t\t\t\t\t\t\t\t\t<p>Il progetto de La Contadinetta \u00e8 in continua evoluzione. La qualit\u00e0 e l&#8217;affidabilit\u00e0 dei nostri prodotti \u2014 dai preparati alle spezie, fino al miele e a molte altre specialit\u00e0 \u2014 ci distinguono sul mercato. La passione che mettiamo in ogni creazione, la cura per il dettaglio e il nostro stile ci permettono di trasformare la tradizione e l&#8217;innovazione in proposte alimentari dal gusto unico e naturale. Crediamo nelle collaborazioni solide e durature: vogliamo condividere con te la nostra esperienza, la nostra rete e la nostra visione per costruire insieme un percorso di crescita commerciale reciproca.<\/p>\t\t\t\t\t\t\t\t<\/div>\n\t\t\t\t<\/div>\n\t\t\t\t\t<\/div>\n\t\t\t\t<\/div>\n\t\t<div class=\"elementor-element elementor-element-97e6586 e-flex e-con-boxed wpr-particle-no wpr-jarallax-no wpr-parallax-no wpr-sticky-section-no e-con e-parent\" data-id=\"97e6586\" data-element_type=\"container\">\n\t\t\t\t\t<div class=\"e-con-inner\">\n\t\t\t\t<div class=\"elementor-element elementor-element-2a56861 elementor-widget elementor-widget-image\" data-id=\"2a56861\" data-element_type=\"widget\" data-widget_type=\"image.default\">\n\t\t\t\t<div class=\"elementor-widget-container\">\n\t\t\t\t\t\t\t\t\t\t\t\t\t\t\t<img decoding=\"async\" width=\"819\" height=\"1024\" src=\"https:\/\/www.lacontadinetta.it\/blog\/wp-content\/uploads\/2025\/07\/Verticali_20250711_172712_0000-819x1024.png\" class=\"attachment-large size-large wp-image-2007\" alt=\"\" srcset=\"https:\/\/www.lacontadinetta.it\/blog\/wp-content\/uploads\/2025\/07\/Verticali_20250711_172712_0000-819x1024.png 819w, https:\/\/www.lacontadinetta.it\/blog\/wp-content\/uploads\/2025\/07\/Verticali_20250711_172712_0000-240x300.png 240w, https:\/\/www.lacontadinetta.it\/blog\/wp-content\/uploads\/2025\/07\/Verticali_20250711_172712_0000-768x960.png 768w, https:\/\/www.lacontadinetta.it\/blog\/wp-content\/uploads\/2025\/07\/Verticali_20250711_172712_0000.png 1080w\" sizes=\"(max-width: 819px) 100vw, 819px\" \/>\t\t\t\t\t\t\t\t\t\t\t\t\t\t\t<\/div>\n\t\t\t\t<\/div>\n\t\t\t\t\t<\/div>\n\t\t\t\t<\/div>\n\t\t<div class=\"elementor-element elementor-element-1eb43b6 e-flex e-con-boxed wpr-particle-no wpr-jarallax-no wpr-parallax-no wpr-sticky-section-no e-con e-parent\" data-id=\"1eb43b6\" data-element_type=\"container\">\n\t\t\t\t\t<div class=\"e-con-inner\">\n\t\t\t\t<div class=\"elementor-element elementor-element-e6adcf5 elementor-align-left elementor-widget elementor-widget-button\" data-id=\"e6adcf5\" data-element_type=\"widget\" data-widget_type=\"button.default\">\n\t\t\t\t<div class=\"elementor-widget-container\">\n\t\t\t\t\t\t\t\t\t<div class=\"elementor-button-wrapper\">\n\t\t\t\t\t<a class=\"elementor-button elementor-button-link elementor-size-sm\" href=\"mailto:info@lacontadinetta.it\">\n\t\t\t\t\t\t<span class=\"elementor-button-content-wrapper\">\n\t\t\t\t\t\t\t\t\t<span class=\"elementor-button-text\">CONTATTACI<\/span>\n\t\t\t\t\t<\/span>\n\t\t\t\t\t<\/a>\n\t\t\t\t<\/div>\n\t\t\t\t\t\t\t\t<\/div>\n\t\t\t\t<\/div>\n\t\t\t\t\t<\/div>\n\t\t\t\t<\/div>\n\t\t<div class=\"elementor-element elementor-element-ae5a388 e-flex e-con-boxed wpr-particle-no wpr-jarallax-no wpr-parallax-no wpr-sticky-section-no e-con e-parent\" data-id=\"ae5a388\" data-element_type=\"container\">\n\t\t\t\t\t<div class=\"e-con-inner\">\n\t\t\t\t<div class=\"elementor-element elementor-element-54822f4 elementor-widget elementor-widget-image\" data-id=\"54822f4\" data-element_type=\"widget\" data-widget_type=\"image.default\">\n\t\t\t\t<div class=\"elementor-widget-container\">\n\t\t\t\t\t\t\t\t\t\t\t\t\t\t\t<img decoding=\"async\" width=\"819\" height=\"1024\" src=\"https:\/\/www.lacontadinetta.it\/blog\/wp-content\/uploads\/2025\/07\/Verticali_20250711_172712_0001-819x1024.png\" class=\"attachment-large size-large wp-image-2008\" alt=\"\" srcset=\"https:\/\/www.lacontadinetta.it\/blog\/wp-content\/uploads\/2025\/07\/Verticali_20250711_172712_0001-819x1024.png 819w, https:\/\/www.lacontadinetta.it\/blog\/wp-content\/uploads\/2025\/07\/Verticali_20250711_172712_0001-240x300.png 240w, https:\/\/www.lacontadinetta.it\/blog\/wp-content\/uploads\/2025\/07\/Verticali_20250711_172712_0001-768x960.png 768w, https:\/\/www.lacontadinetta.it\/blog\/wp-content\/uploads\/2025\/07\/Verticali_20250711_172712_0001.png 1080w\" sizes=\"(max-width: 819px) 100vw, 819px\" \/>\t\t\t\t\t\t\t\t\t\t\t\t\t\t\t<\/div>\n\t\t\t\t<\/div>\n\t\t\t\t\t<\/div>\n\t\t\t\t<\/div>\n\t\t\t\t<\/div>\n\t\t","protected":false},"excerpt":{"rendered":"<p>SIAMO ALLA COSTANTE RICERCA DI PARTNER COMMERCIALI SEI UN NEGOZIO DI PRODOTTI ALIMENTARI? Il progetto de La Contadinetta \u00e8 in continua evoluzione. La qualit\u00e0 e l&#8217;affidabilit\u00e0 dei nostri prodotti \u2014 dai preparati alle spezie, fino al miele e a molte altre specialit\u00e0 \u2014 ci distinguono sul mercato. La passione che mettiamo in ogni creazione, la cura per il dettaglio e il nostro stile ci permettono di trasformare la tradizione e l&#8217;innovazione in proposte alimentari dal gusto unico e naturale. Crediamo nelle collaborazioni solide e durature: vogliamo condividere con te la nostra esperienza, la nostra rete e la nostra visione per costruire insieme un percorso di crescita commerciale reciproca. CONTATTACI<\/p>\n","protected":false},"author":1,"featured_media":0,"parent":0,"menu_order":0,"comment_status":"closed","ping_status":"closed","template":"","meta":{"site-sidebar-layout":"default","site-content-layout":"","ast-site-content-layout":"","site-content-style":"default","site-sidebar-style":"default","ast-global-header-display":"","ast-banner-title-visibility":"","ast-main-header-display":"","ast-hfb-above-header-display":"","ast-hfb-below-header-display":"","ast-hfb-mobile-header-display":"","site-post-title":"disabled","ast-breadcrumbs-content":"","ast-featured-img":"","footer-sml-layout":"","theme-transparent-header-meta":"","adv-header-id-meta":"","stick-header-meta":"","header-above-stick-meta":"","header-main-stick-meta":"","header-below-stick-meta":"","astra-migrate-meta-layouts":"default","ast-page-background-enabled":"default","ast-page-background-meta":{"desktop":{"background-color":"var(--ast-global-color-5)","background-image":"","background-repeat":"repeat","background-position":"center center","background-size":"auto","background-attachment":"scroll","background-type":"","background-media":"","overlay-type":"","overlay-color":"","overlay-opacity":"","overlay-gradient":""},"tablet":{"background-color":"","background-image":"","background-repeat":"repeat","background-position":"center center","background-size":"auto","background-attachment":"scroll","background-type":"","background-media":"","overlay-type":"","overlay-color":"","overlay-opacity":"","overlay-gradient":""},"mobile":{"background-color":"","background-image":"","background-repeat":"repeat","background-position":"center center","background-size":"auto","background-attachment":"scroll","background-type":"","background-media":"","overlay-type":"","overlay-color":"","overlay-opacity":"","overlay-gradient":""}},"ast-content-background-meta":{"desktop":{"background-color":"var(--ast-global-color-4)","background-image":"","background-repeat":"repeat","background-position":"center center","background-size":"auto","background-attachment":"scroll","background-type":"","background-media":"","overlay-type":"","overlay-color":"","overlay-opacity":"","overlay-gradient":""},"tablet":{"background-color":"var(--ast-global-color-4)","background-image":"","background-repeat":"repeat","background-position":"center center","background-size":"auto","background-attachment":"scroll","background-type":"","background-media":"","overlay-type":"","overlay-color":"","overlay-opacity":"","overlay-gradient":""},"mobile":{"background-color":"var(--ast-global-color-4)","background-image":"","background-repeat":"repeat","background-position":"center center","background-size":"auto","background-attachment":"scroll","background-type":"","background-media":"","overlay-type":"","overlay-color":"","overlay-opacity":"","overlay-gradient":""}},"pgc_sgb_lightbox_settings":"","footnotes":""},"class_list":["post-1539","page","type-page","status-publish","hentry"],"_links":{"self":[{"href":"https:\/\/www.lacontadinetta.it\/blog\/wp-json\/wp\/v2\/pages\/1539","targetHints":{"allow":["GET"]}}],"collection":[{"href":"https:\/\/www.lacontadinetta.it\/blog\/wp-json\/wp\/v2\/pages"}],"about":[{"href":"https:\/\/www.lacontadinetta.it\/blog\/wp-json\/wp\/v2\/types\/page"}],"author":[{"embeddable":true,"href":"https:\/\/www.lacontadinetta.it\/blog\/wp-json\/wp\/v2\/users\/1"}],"replies":[{"embeddable":true,"href":"https:\/\/www.lacontadinetta.it\/blog\/wp-json\/wp\/v2\/comments?post=1539"}],"version-history":[{"count":22,"href":"https:\/\/www.lacontadinetta.it\/blog\/wp-json\/wp\/v2\/pages\/1539\/revisions"}],"predecessor-version":[{"id":2446,"href":"https:\/\/www.lacontadinetta.it\/blog\/wp-json\/wp\/v2\/pages\/1539\/revisions\/2446"}],"wp:attachment":[{"href":"https:\/\/www.lacontadinetta.it\/blog\/wp-json\/wp\/v2\/media?parent=1539"}],"curies":[{"name":"wp","href":"https:\/\/api.w.org\/{rel}","templated":true}]}}