{"id":1413,"date":"2025-05-22T12:15:59","date_gmt":"2025-05-22T12:15:59","guid":{"rendered":"https:\/\/www.lacontadinetta.it\/blog\/?page_id=1413"},"modified":"2025-05-22T12:15:59","modified_gmt":"2025-05-22T12:15:59","slug":"pagamento-sicuro","status":"publish","type":"page","link":"https:\/\/www.lacontadinetta.it\/blog\/pagamento-sicuro\/","title":{"rendered":"Pagamento sicuro"},"content":{"rendered":"\n<h4 class=\"wp-block-heading\">Modalit\u00e0 di conclusione dell&#8217;acquisto e pagamento<\/h4>\n\n\n\n<p>Nel caso&nbsp;di cliente che contatta telefonicamente la&nbsp; Contadinetta srl , formulando una richiesta di prodotti, solo dopo che egli abbia fornito i dati necessari alla registrazione della scheda cliente, il contratto per via telefonica si perfeziona mediante la comunicazione al Cliente che la proposta \u00e8 accettata.<\/p>\n\n\n\n<p>In caso di proposte d&#8217;acquisto inviate tramite il Sito il Cliente ricever\u00e0 da La Contadinetta srl&nbsp; una e-mail riepilogativa, con cui sar\u00e0 informato che la propria proposta d&#8217;acquisto \u00e8 in fase di elaborazione e si intender\u00e0 accettata, salvo contraria comunicazione e-mail o telefonica trasmessa da La Contadinetta srl&nbsp; entro il termine di 7 ( sette ) giorni di calendario dal ricevimento della e-mail riepilogativa. Decorso tale termine, il Contratto a mezzo internet \u00e8 da intendersi perfezionato.<\/p>\n\n\n\n<p><strong>Al Cliente sar\u00e0 consentito scegliere una delle seguenti modalit\u00e0 di pagamento:<\/strong><\/p>\n\n\n\n<ul class=\"wp-block-list\">\n<li><\/li>\n<\/ul>\n\n\n\n<h4 class=\"wp-block-heading\">&nbsp; &nbsp; &nbsp; &nbsp;a mezzo, Paypal -Visa-MasterCard&nbsp; da effettuarsi all&#8217;atto dell&#8217;invio ordine;<\/h4>\n\n\n\n<ul class=\"wp-block-list\">\n<li>\n<ul class=\"wp-block-list\">\n<li>a mezzo contrassegno, da effettuarsi al corriere, prima della consegna e dell&#8217;apertura del pacco;(attualmente non disponibile)<\/li>\n\n\n\n<li>a mezzo bonifico anticipato, da effettuarsi dopo l&#8217;invio ordine e anticipatamente alla spedizione dello stesso; il pacco verr\u00e0 spedito solo dopo l&#8217;accredito del valore dell&#8217;ordine sul nostro C\/C tramite altri sistemi di pagamento che saranno aggiunti da La Contadinetta srl\u00a0<\/li>\n<\/ul>\n<\/li>\n<\/ul>\n","protected":false},"excerpt":{"rendered":"<p>Modalit\u00e0 di conclusione dell&#8217;acquisto e pagamento Nel caso&nbsp;di cliente che contatta telefonicamente la&nbsp; Contadinetta srl , formulando una richiesta di prodotti, solo dopo che egli abbia fornito i dati necessari alla registrazione della scheda cliente, il contratto per via telefonica si perfeziona mediante la comunicazione al Cliente che la proposta \u00e8 accettata. In caso di proposte d&#8217;acquisto inviate tramite il Sito il Cliente ricever\u00e0 da La Contadinetta srl&nbsp; una e-mail riepilogativa, con cui sar\u00e0 informato che la propria proposta d&#8217;acquisto \u00e8 in fase di elaborazione e si intender\u00e0 accettata, salvo contraria comunicazione e-mail o telefonica trasmessa da La Contadinetta srl&nbsp; entro il termine di 7 ( sette ) giorni di calendario dal ricevimento della e-mail riepilogativa. Decorso tale termine, il Contratto a mezzo internet \u00e8 da intendersi perfezionato. Al Cliente sar\u00e0 consentito scegliere una delle seguenti modalit\u00e0 di pagamento: &nbsp; &nbsp; &nbsp; &nbsp;a mezzo, Paypal -Visa-MasterCard&nbsp; da effettuarsi all&#8217;atto dell&#8217;invio ordine;<\/p>\n","protected":false},"author":1,"featured_media":0,"parent":0,"menu_order":0,"comment_status":"closed","ping_status":"closed","template":"","meta":{"site-sidebar-layout":"default","site-content-layout":"","ast-site-content-layout":"default","site-content-style":"default","site-sidebar-style":"default","ast-global-header-display":"","ast-banner-title-visibility":"","ast-main-header-display":"","ast-hfb-above-header-display":"","ast-hfb-below-header-display":"","ast-hfb-mobile-header-display":"","site-post-title":"","ast-breadcrumbs-content":"","ast-featured-img":"","footer-sml-layout":"","theme-transparent-header-meta":"","adv-header-id-meta":"","stick-header-meta":"","header-above-stick-meta":"","header-main-stick-meta":"","header-below-stick-meta":"","astra-migrate-meta-layouts":"default","ast-page-background-enabled":"default","ast-page-background-meta":{"desktop":{"background-color":"var(--ast-global-color-5)","background-image":"","background-repeat":"repeat","background-position":"center center","background-size":"auto","background-attachment":"scroll","background-type":"","background-media":"","overlay-type":"","overlay-color":"","overlay-opacity":"","overlay-gradient":""},"tablet":{"background-color":"","background-image":"","background-repeat":"repeat","background-position":"center center","background-size":"auto","background-attachment":"scroll","background-type":"","background-media":"","overlay-type":"","overlay-color":"","overlay-opacity":"","overlay-gradient":""},"mobile":{"background-color":"","background-image":"","background-repeat":"repeat","background-position":"center center","background-size":"auto","background-attachment":"scroll","background-type":"","background-media":"","overlay-type":"","overlay-color":"","overlay-opacity":"","overlay-gradient":""}},"ast-content-background-meta":{"desktop":{"background-color":"var(--ast-global-color-4)","background-image":"","background-repeat":"repeat","background-position":"center center","background-size":"auto","background-attachment":"scroll","background-type":"","background-media":"","overlay-type":"","overlay-color":"","overlay-opacity":"","overlay-gradient":""},"tablet":{"background-color":"var(--ast-global-color-4)","background-image":"","background-repeat":"repeat","background-position":"center center","background-size":"auto","background-attachment":"scroll","background-type":"","background-media":"","overlay-type":"","overlay-color":"","overlay-opacity":"","overlay-gradient":""},"mobile":{"background-color":"var(--ast-global-color-4)","background-image":"","background-repeat":"repeat","background-position":"center center","background-size":"auto","background-attachment":"scroll","background-type":"","background-media":"","overlay-type":"","overlay-color":"","overlay-opacity":"","overlay-gradient":""}},"pgc_sgb_lightbox_settings":"","footnotes":""},"class_list":["post-1413","page","type-page","status-publish","hentry"],"_links":{"self":[{"href":"https:\/\/www.lacontadinetta.it\/blog\/wp-json\/wp\/v2\/pages\/1413","targetHints":{"allow":["GET"]}}],"collection":[{"href":"https:\/\/www.lacontadinetta.it\/blog\/wp-json\/wp\/v2\/pages"}],"about":[{"href":"https:\/\/www.lacontadinetta.it\/blog\/wp-json\/wp\/v2\/types\/page"}],"author":[{"embeddable":true,"href":"https:\/\/www.lacontadinetta.it\/blog\/wp-json\/wp\/v2\/users\/1"}],"replies":[{"embeddable":true,"href":"https:\/\/www.lacontadinetta.it\/blog\/wp-json\/wp\/v2\/comments?post=1413"}],"version-history":[{"count":1,"href":"https:\/\/www.lacontadinetta.it\/blog\/wp-json\/wp\/v2\/pages\/1413\/revisions"}],"predecessor-version":[{"id":1414,"href":"https:\/\/www.lacontadinetta.it\/blog\/wp-json\/wp\/v2\/pages\/1413\/revisions\/1414"}],"wp:attachment":[{"href":"https:\/\/www.lacontadinetta.it\/blog\/wp-json\/wp\/v2\/media?parent=1413"}],"curies":[{"name":"wp","href":"https:\/\/api.w.org\/{rel}","templated":true}]}}