{"id":1411,"date":"2025-05-22T12:14:43","date_gmt":"2025-05-22T12:14:43","guid":{"rendered":"https:\/\/www.lacontadinetta.it\/blog\/?page_id=1411"},"modified":"2025-05-22T12:14:43","modified_gmt":"2025-05-22T12:14:43","slug":"termini-e-condizioni-di-vendita","status":"publish","type":"page","link":"https:\/\/www.lacontadinetta.it\/blog\/termini-e-condizioni-di-vendita\/","title":{"rendered":"Termini e condizioni di vendita"},"content":{"rendered":"\n<h3 class=\"wp-block-heading\">D.lgs. 6 settenbre 2005 n 206 (codice del consumo)<\/h3>\n\n\n\n<p>La compravendita effettuata sul presente sito \u00e8 un contratto a distanza (&#8220;Contratto&#8221;) ai sensi dell&#8217;art. 50 e ss. del D.Lgs. 6 settembre 2005, n. 206 (&#8220;Codice del Consumo&#8221;).<br>Il Contratto ha per oggetto la vendita di beni mobili tra La Contadinetta srl, con sede legale in Via Peschioli 20 66046 Tornareccio Chieti&nbsp; e l&#8217;acquirente (&#8220;Cliente&#8221;). Il Contratto \u00e8 concluso attraverso l&#8217;accettazione da parte del cliente della proposta di acquisto effettuata tramite internet sul presente sito web e\/o attraverso altri sistemi di vendita a distanza come ad esempio in taluni casi, la proposta telefonica.<br><br>Gli acquisti effettuati su un sito web, vengono inclusi nella categoria televendite a distanza ( al di fuori da locali commerciali ) e sono tutelati dal D.Lgs n.185 del 22 Maggio 1999. Il D.Lgs n.185 del 22 Maggio 1999 prevede la possibilit\u00e0 per il Consumatore di esercitare il diritto di recesso per il bene acquistato a distanza. Il Consumatore pu\u00f2 esercitare il diritto di recesso&nbsp;<strong>entro un termine di 10 giorni lavorativi<\/strong>&nbsp;dal ricevimento della merce restituendo il bene acquistato al Fornitore. Il Cliente non deve pagare alcuna penalit\u00e0, non ha l&#8217;obbligo di specificare il motivo della restituzione e ha diritto al rimborso del prezzo di acquisto del bene.<br><br>Le presenti condizioni generali di vendita (&#8220;Condizioni Generali&#8221;) e, in particolare, le informazioni di cui all&#8217;art. 52 del Codice del Consumo, restano valide ed efficaci finch\u00e9 non saranno modificate e\/o integrate da La Contadinetta srl. Eventuali modifiche e\/o integrazioni alle Condizioni Generali saranno efficaci con decorrenza dalla data in cui saranno comunicate al pubblico e si applicheranno alle vendite effettuate a decorrere da tale data. L&#8217;ultima versione aggiornata delle Condizioni Generali \u00e8 quella reperibile sul Sito.<\/p>\n\n\n\n<h4 class=\"wp-block-heading\">Prezzi&nbsp;dei Prodotti<\/h4>\n\n\n\n<p>I prezzi di vendita dei prodotti illustrati sul Sito e\/o attraverso eventuali altri sistemi di vendita a distanza sono mostrati sia comprensivi di IVA e di ogni altra imposta, sia al netto senza applicazione delle imposte.<\/p>\n\n\n\n<h4 class=\"wp-block-heading\">Prezzi della spedizione<\/h4>\n\n\n\n<p>Le spese di consegna &nbsp;sono fornite al cliente sia sul Sito durante le varie fasi di conclusione dell&#8217;ordine e\/o attraverso eventuali altri sistemi di vendita a distanza, nel caso di ordine telefonico, ripetute al Cliente dall&#8217;operatore della Contadinetta srl.<\/p>\n\n\n\n<h4 class=\"wp-block-heading\">Spese di spedizione per restituzione prodotti<\/h4>\n\n\n\n<p>Le spese di spedizione di restituzione prodotti nel caso di esercizio del diritto di recesso sono a carico del Cliente.<br>Le spese di spedizione di restituzione prodotti sono a nostro carico quando \u00e8 accertato che l&#8217;ordine \u00e8 stato sbagliato per cause da imputare alla gestione dell&#8217;ordine da parte della Contadinetta srl.<\/p>\n\n\n\n<h4 class=\"wp-block-heading\">Modalit\u00e0 di conclusione dell&#8217;acquisto e pagamento<\/h4>\n\n\n\n<p>Nel caso di cliente che contatta telefonicamente la&nbsp; Contadinetta srl , formulando una richiesta di prodotti, solo dopo che egli abbia fornito i dati necessari alla registrazione della scheda cliente, il contratto per via telefonica si perfeziona mediante la comunicazione al Cliente che la proposta \u00e8 accettata.<\/p>\n\n\n\n<p>In caso di proposte d&#8217;acquisto inviate tramite il Sito il Cliente ricever\u00e0 da La Contadinetta srl&nbsp; una e-mail riepilogativa, con cui sar\u00e0 informato che la propria proposta d&#8217;acquisto \u00e8 in fase di elaborazione e si intender\u00e0 accettata, salvo contraria comunicazione e-mail o telefonica trasmessa da La Contadinetta srl&nbsp; entro il termine di 7 ( sette ) giorni di calendario dal ricevimento della e-mail riepilogativa. Decorso tale termine, il Contratto a mezzo internet \u00e8 da intendersi perfezionato.<\/p>\n\n\n\n<h4 class=\"wp-block-heading\">Al cliente sar\u00e0 consentito scegliere una delle seuenti modalit\u00e0 di pagamento:<\/h4>\n\n\n\n<p>a mezzo paypal, da effettuarsi all&#8217;atto dell&#8217;invio ordine;<\/p>\n\n\n\n<p>a mezzo contrassegno, da effettuarsi al corriere, prima della consegna e dell&#8217;apertura del pacco;<\/p>\n\n\n\n<p>a mezzo bonifico anticipato, da effettuarsi dopo l&#8217;invio ordine e anticipatamente alla spedizione dello stesso; il pacco verr\u00e0 spedito solo dopo l&#8217;accredito del valore dell&#8217;ordine sul nostro C\/C<\/p>\n\n\n\n<p>Tramite altri sistemi di pagamento che saranno aggiunti da La Contadinetta srl ;<\/p>\n\n\n\n<h4 class=\"wp-block-heading\">Esclusioni<\/h4>\n\n\n\n<p>Il diritto di recesso si applica alle persone fisiche che agiscono per scopi non riferibili alla propria attivit\u00e0 professionale.<br>Sono perci\u00f2 esclusi dal diritto di recesso gli acquisti effettuati da rivenditori e da aziende.<br>Il diritto di recesso non si applica inoltre alle seguenti categorie di prodotti:<\/p>\n\n\n\n<p>audiovisivi o supporti software informatici sigillati aperti dal consumatore;<\/p>\n\n\n\n<p>giornali, periodici e riviste.<\/p>\n\n\n\n<h4 class=\"wp-block-heading\">Estensioni alle aziende e casi particolari<\/h4>\n\n\n\n<p>Nel caso specifico dei prodotti trattati su questo sito, \u00e8 possibile applicare il diritto di recesso.<\/p>\n\n\n\n<p>Tuttavia in casi particolari,anche se il cliente \u00e8 un&#8217;azienda,qualora si dovessero ravvisare errori gravi da parte nostra o direttamente imputabili a nostri bagli in produzione,che rendano il prodotto inutilizzabile,sar\u00e0 nostra premura valutare il caso e prevedere ad una sostituzione che elimini l&#8217;errore e renda il prodotto utilizzabile e conformi a quanto richiesto.<\/p>\n\n\n\n<p>Questo nell&#8217;ottica di una buona pratica del venditore,con lo scopo di andare incontro alle esigenze del cliente.<\/p>\n\n\n\n<p>Nel caso in cui gli errori di acquisto sono causati da vostra imperizia o distrazione nel configurare l&#8217;ordine sul sito, non siamo tenuti a rimborsare e\/o sostituire il prodotto sbagliato. Tuttavia cercheremo di venire incontro il pi\u00f9 possibile cercando la migliore soluzione per voi vantaggiosa.<\/p>\n\n\n\n<h4 class=\"wp-block-heading\">Applicabilit\u00e0 e validit\u00e0 della garanzia&nbsp;<\/h4>\n\n\n\n<p>I prodotti&nbsp;<\/p>\n\n\n\n<p>i prodotti danneggiati da incidenti, cause altrui o negligenza di terze parti, non saranno sostituiti o rimborsati;<\/p>\n\n\n\n<p>nello sfortunato evento di una errata spedizione da parte nostra, ci assumeremo noi i costi per la spedizione di ritorno del prodotto sbagliato e l&#8217;invio dei prodotti corretti;<\/p>\n\n\n\n<p>i prodotti oggetto del diritto di recesso dovranno essere restituiti dal consumatore,&nbsp;<strong>in condizioni di sostanziale integrit\u00e0<\/strong>, spedendoli presso la nostra sede operativa.<\/p>\n\n\n\n<h4 class=\"wp-block-heading\">Difetto di conformit\u00e0<\/h4>\n\n\n\n<p>Il venditore ha l&#8217;obbligo di consegnare al consumatore beni conformi al contratto di vendita.<br>Per difetto di conformit\u00e0 \u00e8 da intendersi un prodotto che non risulta conforme alla descrizione indicata da&nbsp;<strong>www.lacontadinetta.it<\/strong>, sulla scheda prodotto.<\/p>\n\n\n\n<h4 class=\"wp-block-heading\">Consegne dei prodotti<\/h4>\n\n\n\n<p>La consegna\u00a0 dei prodotti acquistati avverr\u00e0 all&#8217;indirizzo indicato dal cliente nelle sezioni di questo sito dedicate allo scopo in fase di conclusione ordine (o contratto di acquisto).<br>Eventuali errori di compilazione dell&#8217;indirizzo di consegna o l&#8217;eventuale selezione dell&#8217;indirizzo sbagliato di consegna da parte del Cliente non sono imputabili alla Contadinetta srl\u00a0 e gli eventuali ritardi nella consegna che ne possono conseguire non daranno diritto al Cliente di annullare il contratto di acquisto stipulato.<\/p>\n\n\n\n<h4 class=\"wp-block-heading\">Disponibilit\u00e0 dei prodotti&nbsp;<\/h4>\n\n\n\n<p>Gli ordini del cliente sono accettati dalla Contadinetta srl nei limiti delle quantit\u00e0 dei prodotti richiesti disponibili. pertanto l&#8217;accettazione da parte della Contadinetta&nbsp; della proposta d&#8217;acquisto inoltrata dal cliente e subordinata alla disponibilit\u00e0 dei prodotti stessi.<\/p>\n\n\n\n<p>La contadinetta srl si impegna a comunicare eventuali imprevedibili indisponibilit\u00e0 dei prodotti dovuti, ad eccesso di domanda o altre cause.<\/p>\n\n\n\n<p>In caso di mancanza di disponibilit\u00e0 il cliente accetta un tempo massimo di attesa di 30 giorni lavorativi affinche la Contadinetta srl possa reintegrare il proprio&nbsp; magazzino prodotti e soddisfare l&#8217;ordine.<\/p>\n\n\n\n<p>nel caso di impossibilit\u00e0 a soddisfare l&#8217;ordine concluso dal&nbsp; cliente la Contadinetta srl sar\u00e0 tenuta a rimborsare unicamente il valore completo dell&#8217;ordine eventualmente gi\u00e0 pagato dal cliente in via anticipata, comprensivo delle spese di spedizione.<\/p>\n\n\n\n<p>Nessun altro valore o danno arrecato dall&#8217;attesa da parte del cliente,oltre il valore dell&#8217;ordine , sar\u00e0 dovuto dalla Contadinetta srl&nbsp; al Cliente.<\/p>\n\n\n\n<h3 class=\"wp-block-heading\">Obblighi del cliente&nbsp;<\/h3>\n\n\n\n<h4 class=\"wp-block-heading\">Il cliente dichiara e garantisce:<\/h4>\n\n\n\n<p>di essere un consumatore secondo quanto previsto all&#8217;art. 3 del Codice del Consumo;<\/p>\n\n\n\n<p>di aver compiuti i 18 anni e dunque di essere maggiorenne;<\/p>\n\n\n\n<p>che i dati dallo stesso forniti per l&#8217;esecuzione del presente Contratto di Acquisto sono corretti e veritieri;<\/p>\n\n\n\n<p>il Cliente si assume ogni responsabilit\u00e0 derivante da dichiarazioni mendaci o false rilasciate sul presente Sito;.<\/p>\n\n\n\n<h4 class=\"wp-block-heading\">Diritto di recesso<\/h4>\n\n\n\n<p>Il Cliente ha diritto di recedere dal presente contratto di acquisto stipulato al momento della conclusione di un ordine sul presente sito web, senza alcuna penalit\u00e0 e senza specificarne il motivo, entro 10 giorni dal ricevimento dei prodotti. Il Cliente potr\u00e0 esercitare il diritto di recesso, entro il suddetto termine, mediante una comunicazione scritta&nbsp;Contadinetta srl, da inviarsi tramite posta elettronica all&#8217;indirizzo&nbsp;<strong>info@lacontadinetta.it<\/strong>.<\/p>\n\n\n\n<p>Il Cliente che intende avvalersi del diritto di recesso dovr\u00e0 restituire i prodotti all&#8217;indirizzo indicato in fattura entro 10 giorni dal ricevimento dei prodotti.<br><strong>Il Cliente non avr\u00e0 diritto di recesso nei seguenti casi:<\/strong><\/p>\n\n\n\n<p>fornitura di prodotti consumabili sigillati (confezioni sigillate) aperti e\/o gi\u00e0 parzialmente utilizzati dal Cliente<\/p>\n\n\n\n<p>prodotti le cui confezioni (scatola prodotto, etichetta prodotto) siano danneggiate o parzialmente danneggiate<\/p>\n\n\n\n<p>prodotto non completo dei suoi accessori e manuali e dell&#8217;imballo originale o con codice di verifica (scratch code) grattato e testato (la verifica \u00e8 monouso)<\/p>\n\n\n\n<p>Le spese di restituzione dei prodotti sono a carico del cliente ,La Contadinetta&nbsp; restituira ,entro 30 giorni dalla data di ricevimento dei prodotti da parte del cliente l&#8217;intero prezzo pagato dal cliente,al netto delle spese di spedizione, in caso di restituzione del prodotto, completo di tutte le sue parti e funzionalit\u00e0, restituito nel suo imballo originale.<\/p>\n\n\n\n<h4 class=\"wp-block-heading\">Foro competente<\/h4>\n\n\n\n<p>Il&nbsp;Contratto \u00e8 regolato dalla legge italiana. Ogni controversia relativa alla sua applicazione, esecuzione, interpretazione e violazione del Contratto sar\u00e0 di competenza del Foro di Lanciano (CH).<\/p>\n","protected":false},"excerpt":{"rendered":"<p>D.lgs. 6 settenbre 2005 n 206 (codice del consumo) La compravendita effettuata sul presente sito \u00e8 un contratto a distanza (&#8220;Contratto&#8221;) ai sensi dell&#8217;art. 50 e ss. del D.Lgs. 6 settembre 2005, n. 206 (&#8220;Codice del Consumo&#8221;).Il Contratto ha per oggetto la vendita di beni mobili tra La Contadinetta srl, con sede legale in Via Peschioli 20 66046 Tornareccio Chieti&nbsp; e l&#8217;acquirente (&#8220;Cliente&#8221;). Il Contratto \u00e8 concluso attraverso l&#8217;accettazione da parte del cliente della proposta di acquisto effettuata tramite internet sul presente sito web e\/o attraverso altri sistemi di vendita a distanza come ad esempio in taluni casi, la proposta telefonica. Gli acquisti effettuati su un sito web, vengono inclusi nella categoria televendite a distanza ( al di fuori da locali commerciali ) e sono tutelati dal D.Lgs n.185 del 22 Maggio 1999. Il D.Lgs n.185 del 22 Maggio 1999 prevede la possibilit\u00e0 per il Consumatore di esercitare il diritto di recesso per il bene acquistato a distanza. Il Consumatore pu\u00f2 esercitare il diritto di recesso&nbsp;entro un termine di 10 giorni lavorativi&nbsp;dal ricevimento della merce restituendo il bene acquistato al Fornitore. Il Cliente non deve pagare alcuna penalit\u00e0, non ha l&#8217;obbligo di specificare il motivo della restituzione e ha diritto al rimborso del prezzo di acquisto del bene. Le presenti condizioni generali di vendita (&#8220;Condizioni Generali&#8221;) e, in particolare, le informazioni di cui all&#8217;art. 52 del Codice del Consumo, restano valide ed efficaci finch\u00e9 non saranno modificate e\/o integrate da La Contadinetta srl. Eventuali modifiche e\/o integrazioni alle Condizioni Generali saranno efficaci con decorrenza dalla data in cui saranno comunicate al pubblico e si applicheranno alle vendite effettuate a decorrere da tale data. L&#8217;ultima versione aggiornata delle Condizioni Generali \u00e8 quella reperibile sul Sito. Prezzi&nbsp;dei Prodotti I prezzi di vendita dei prodotti illustrati sul Sito e\/o attraverso eventuali altri sistemi di vendita a distanza sono mostrati sia comprensivi di IVA e di ogni altra imposta, sia al netto senza applicazione delle imposte. Prezzi della spedizione Le spese di consegna &nbsp;sono fornite al cliente sia sul Sito durante le varie fasi di conclusione dell&#8217;ordine e\/o attraverso eventuali altri sistemi di vendita a distanza, nel caso di ordine telefonico, ripetute al Cliente dall&#8217;operatore della Contadinetta srl. Spese di spedizione per restituzione prodotti Le spese di spedizione di restituzione prodotti nel caso di esercizio del diritto di recesso sono a carico del Cliente.Le spese di spedizione di restituzione prodotti sono a nostro carico quando \u00e8 accertato che l&#8217;ordine \u00e8 stato sbagliato per cause da imputare alla gestione dell&#8217;ordine da parte della Contadinetta srl. Modalit\u00e0 di conclusione dell&#8217;acquisto e pagamento Nel caso di cliente che contatta telefonicamente la&nbsp; Contadinetta srl , formulando una richiesta di prodotti, solo dopo che egli abbia fornito i dati necessari alla registrazione della scheda cliente, il contratto per via telefonica si perfeziona mediante la comunicazione al Cliente che la proposta \u00e8 accettata. In caso di proposte d&#8217;acquisto inviate tramite il Sito il Cliente ricever\u00e0 da La Contadinetta srl&nbsp; una e-mail riepilogativa, con cui sar\u00e0 informato che la propria proposta d&#8217;acquisto \u00e8 in fase di elaborazione e si intender\u00e0 accettata, salvo contraria comunicazione e-mail o telefonica trasmessa da La Contadinetta srl&nbsp; entro il termine di 7 ( sette ) giorni di calendario dal ricevimento della e-mail riepilogativa. Decorso tale termine, il Contratto a mezzo internet \u00e8 da intendersi perfezionato. Al cliente sar\u00e0 consentito scegliere una delle seuenti modalit\u00e0 di pagamento: a mezzo paypal, da effettuarsi all&#8217;atto dell&#8217;invio ordine; a mezzo contrassegno, da effettuarsi al corriere, prima della consegna e dell&#8217;apertura del pacco; a mezzo bonifico anticipato, da effettuarsi dopo l&#8217;invio ordine e anticipatamente alla spedizione dello stesso; il pacco verr\u00e0 spedito solo dopo l&#8217;accredito del valore dell&#8217;ordine sul nostro C\/C Tramite altri sistemi di pagamento che saranno aggiunti da La Contadinetta srl ; Esclusioni Il diritto di recesso si applica alle persone fisiche che agiscono per scopi non riferibili alla propria attivit\u00e0 professionale.Sono perci\u00f2 esclusi dal diritto di recesso gli acquisti effettuati da rivenditori e da aziende.Il diritto di recesso non si applica inoltre alle seguenti categorie di prodotti: audiovisivi o supporti software informatici sigillati aperti dal consumatore; giornali, periodici e riviste. Estensioni alle aziende e casi particolari Nel caso specifico dei prodotti trattati su questo sito, \u00e8 possibile applicare il diritto di recesso. Tuttavia in casi particolari,anche se il cliente \u00e8 un&#8217;azienda,qualora si dovessero ravvisare errori gravi da parte nostra o direttamente imputabili a nostri bagli in produzione,che rendano il prodotto inutilizzabile,sar\u00e0 nostra premura valutare il caso e prevedere ad una sostituzione che elimini l&#8217;errore e renda il prodotto utilizzabile e conformi a quanto richiesto. Questo nell&#8217;ottica di una buona pratica del venditore,con lo scopo di andare incontro alle esigenze del cliente. Nel caso in cui gli errori di acquisto sono causati da vostra imperizia o distrazione nel configurare l&#8217;ordine sul sito, non siamo tenuti a rimborsare e\/o sostituire il prodotto sbagliato. Tuttavia cercheremo di venire incontro il pi\u00f9 possibile cercando la migliore soluzione per voi vantaggiosa. Applicabilit\u00e0 e validit\u00e0 della garanzia&nbsp; I prodotti&nbsp; i prodotti danneggiati da incidenti, cause altrui o negligenza di terze parti, non saranno sostituiti o rimborsati; nello sfortunato evento di una errata spedizione da parte nostra, ci assumeremo noi i costi per la spedizione di ritorno del prodotto sbagliato e l&#8217;invio dei prodotti corretti; i prodotti oggetto del diritto di recesso dovranno essere restituiti dal consumatore,&nbsp;in condizioni di sostanziale integrit\u00e0, spedendoli presso la nostra sede operativa. Difetto di conformit\u00e0 Il venditore ha l&#8217;obbligo di consegnare al consumatore beni conformi al contratto di vendita.Per difetto di conformit\u00e0 \u00e8 da intendersi un prodotto che non risulta conforme alla descrizione indicata da&nbsp;www.lacontadinetta.it, sulla scheda prodotto. Consegne dei prodotti La consegna\u00a0 dei prodotti acquistati avverr\u00e0 all&#8217;indirizzo indicato dal cliente nelle sezioni di questo sito dedicate allo scopo in fase di conclusione ordine (o contratto di acquisto).Eventuali errori di compilazione dell&#8217;indirizzo di consegna o l&#8217;eventuale selezione dell&#8217;indirizzo sbagliato di consegna da parte del Cliente non sono imputabili alla Contadinetta srl\u00a0 e gli eventuali ritardi nella consegna che ne possono conseguire non daranno diritto al Cliente di annullare il<\/p>\n","protected":false},"author":1,"featured_media":0,"parent":0,"menu_order":0,"comment_status":"closed","ping_status":"closed","template":"","meta":{"site-sidebar-layout":"default","site-content-layout":"","ast-site-content-layout":"default","site-content-style":"default","site-sidebar-style":"default","ast-global-header-display":"","ast-banner-title-visibility":"","ast-main-header-display":"","ast-hfb-above-header-display":"","ast-hfb-below-header-display":"","ast-hfb-mobile-header-display":"","site-post-title":"","ast-breadcrumbs-content":"","ast-featured-img":"","footer-sml-layout":"","theme-transparent-header-meta":"","adv-header-id-meta":"","stick-header-meta":"","header-above-stick-meta":"","header-main-stick-meta":"","header-below-stick-meta":"","astra-migrate-meta-layouts":"default","ast-page-background-enabled":"default","ast-page-background-meta":{"desktop":{"background-color":"var(--ast-global-color-5)","background-image":"","background-repeat":"repeat","background-position":"center center","background-size":"auto","background-attachment":"scroll","background-type":"","background-media":"","overlay-type":"","overlay-color":"","overlay-opacity":"","overlay-gradient":""},"tablet":{"background-color":"","background-image":"","background-repeat":"repeat","background-position":"center center","background-size":"auto","background-attachment":"scroll","background-type":"","background-media":"","overlay-type":"","overlay-color":"","overlay-opacity":"","overlay-gradient":""},"mobile":{"background-color":"","background-image":"","background-repeat":"repeat","background-position":"center center","background-size":"auto","background-attachment":"scroll","background-type":"","background-media":"","overlay-type":"","overlay-color":"","overlay-opacity":"","overlay-gradient":""}},"ast-content-background-meta":{"desktop":{"background-color":"var(--ast-global-color-4)","background-image":"","background-repeat":"repeat","background-position":"center center","background-size":"auto","background-attachment":"scroll","background-type":"","background-media":"","overlay-type":"","overlay-color":"","overlay-opacity":"","overlay-gradient":""},"tablet":{"background-color":"var(--ast-global-color-4)","background-image":"","background-repeat":"repeat","background-position":"center center","background-size":"auto","background-attachment":"scroll","background-type":"","background-media":"","overlay-type":"","overlay-color":"","overlay-opacity":"","overlay-gradient":""},"mobile":{"background-color":"var(--ast-global-color-4)","background-image":"","background-repeat":"repeat","background-position":"center center","background-size":"auto","background-attachment":"scroll","background-type":"","background-media":"","overlay-type":"","overlay-color":"","overlay-opacity":"","overlay-gradient":""}},"pgc_sgb_lightbox_settings":"","footnotes":""},"class_list":["post-1411","page","type-page","status-publish","hentry"],"_links":{"self":[{"href":"https:\/\/www.lacontadinetta.it\/blog\/wp-json\/wp\/v2\/pages\/1411","targetHints":{"allow":["GET"]}}],"collection":[{"href":"https:\/\/www.lacontadinetta.it\/blog\/wp-json\/wp\/v2\/pages"}],"about":[{"href":"https:\/\/www.lacontadinetta.it\/blog\/wp-json\/wp\/v2\/types\/page"}],"author":[{"embeddable":true,"href":"https:\/\/www.lacontadinetta.it\/blog\/wp-json\/wp\/v2\/users\/1"}],"replies":[{"embeddable":true,"href":"https:\/\/www.lacontadinetta.it\/blog\/wp-json\/wp\/v2\/comments?post=1411"}],"version-history":[{"count":1,"href":"https:\/\/www.lacontadinetta.it\/blog\/wp-json\/wp\/v2\/pages\/1411\/revisions"}],"predecessor-version":[{"id":1412,"href":"https:\/\/www.lacontadinetta.it\/blog\/wp-json\/wp\/v2\/pages\/1411\/revisions\/1412"}],"wp:attachment":[{"href":"https:\/\/www.lacontadinetta.it\/blog\/wp-json\/wp\/v2\/media?parent=1411"}],"curies":[{"name":"wp","href":"https:\/\/api.w.org\/{rel}","templated":true}]}}